{"id":11926,"date":"2021-10-01T15:35:10","date_gmt":"2021-10-01T15:35:10","guid":{"rendered":"https:\/\/giudice-abc.com\/product\/genehmigungsdienst-fuer-das-anbringen-von-schildern-und-werbetraegern\/"},"modified":"2023-08-21T07:36:44","modified_gmt":"2023-08-21T07:36:44","slug":"dienstleistung-der-genehmigung-fur-schilder-und-werbemittel","status":"publish","type":"product","link":"https:\/\/giudice-abc.com\/de\/produkt\/dienstleistung-der-genehmigung-fur-schilder-und-werbemittel\/","title":{"rendered":"GENEHMIGUNGSDIENST F\u00dcR DAS ANBRINGEN VON SCHILDERN UND WERBETR\u00c4GERN"},"content":{"rendered":"<p style=\"font-weight: 400;\">Steuern und andere Werbetr\u00e4ger sind von Gesetzes wegen zur Zahlung der Einzelwerbeabgabe verpflichtet.<\/p>\n<p style=\"font-weight: 400;\">Wir k\u00fcmmern uns sowohl um die Bearbeitung der erforderlichen Dokumente f\u00fcr die Meldung von Fahrzeugen an die Inkassostelle als auch um die Bearbeitung von Anpassungen, Aktualisierungen, Streitf\u00e4llen und K\u00fcndigungen.<\/p>\n","protected":false},"excerpt":{"rendered":"<p style=\"font-weight: 400;\">Steuern und andere Werbetr\u00e4ger sind von Gesetzes wegen zur Zahlung der Einzelwerbeabgabe verpflichtet.<\/p>\n<p style=\"font-weight: 400;\">Wir k\u00fcmmern uns sowohl um die Bearbeitung der erforderlichen Dokumente f\u00fcr die Meldung von Fahrzeugen an die Inkassostelle als auch um die Bearbeitung von Anpassungen, Aktualisierungen, Streitf\u00e4llen und K\u00fcndigungen.<\/p>\n","protected":false},"featured_media":11488,"template":"","meta":[],"product_cat":[77],"product_tag":[],"class_list":["post-11926","product","type-product","status-publish","has-post-thumbnail","hentry","product_cat-dienstleistungen","description-off"],"_links":{"self":[{"href":"https:\/\/giudice-abc.com\/de\/wp-json\/wp\/v2\/product\/11926","targetHints":{"allow":["GET"]}}],"collection":[{"href":"https:\/\/giudice-abc.com\/de\/wp-json\/wp\/v2\/product"}],"about":[{"href":"https:\/\/giudice-abc.com\/de\/wp-json\/wp\/v2\/types\/product"}],"wp:featuredmedia":[{"embeddable":true,"href":"https:\/\/giudice-abc.com\/de\/wp-json\/wp\/v2\/media\/11488"}],"wp:attachment":[{"href":"https:\/\/giudice-abc.com\/de\/wp-json\/wp\/v2\/media?parent=11926"}],"wp:term":[{"taxonomy":"product_cat","embeddable":true,"href":"https:\/\/giudice-abc.com\/de\/wp-json\/wp\/v2\/product_cat?post=11926"},{"taxonomy":"product_tag","embeddable":true,"href":"https:\/\/giudice-abc.com\/de\/wp-json\/wp\/v2\/product_tag?post=11926"}],"curies":[{"name":"wp","href":"https:\/\/api.w.org\/{rel}","templated":true}]}}